{"id":5576,"date":"2020-03-13T10:27:28","date_gmt":"2020-03-13T08:27:28","guid":{"rendered":"https:\/\/www.imageworld.fi\/?page_id=5576"},"modified":"2020-03-13T10:31:32","modified_gmt":"2020-03-13T08:31:32","slug":"iw-domain-control-service","status":"publish","type":"page","link":"https:\/\/www.imageworld.fi\/en\/domains\/iw-domain-control-service\/","title":{"rendered":"IW domain control service"},"content":{"rendered":"\n<p> IW-verkkotunnuksen ohjauspalvelulla voit ottaa k\u00e4ytt\u00f6\u00f6n useita  internetosoitteita samoille sivustoille. T\u00e4t\u00e4 voit hy\u00f6dynt\u00e4\u00e4 esimerkiksi  markkinoinnissa tai varataksesi itsellesi useamman verkkotunnuksen  (internetosoitteen). Verkkotunnusten liikenteen voit ohjata haluamaasi  osoitteeseen. <\/p>\n\n\n\n<p> The Image World control service also includes email traffic control for the email address you want. <\/p>\n\n\n\n<div class=\"wp-block-columns is-layout-flex wp-container-core-columns-is-layout-9d6595d7 wp-block-columns-is-layout-flex\">\n<div class=\"wp-block-column is-layout-flow wp-block-column-is-layout-flow\">\n<p><\/p>\n\n\n\n<h2 class=\"wp-block-heading\">Pricing<\/h2>\n\n\n\n<p>\n<!--StartFragment--><\/p>\n\n\n\n<ul class=\"wp-block-list\"><li>Opening fee of the service is<strong> 0 eur <\/strong>+ VAT <\/li><\/ul>\n\n\n\n<ul class=\"wp-block-list\"><li> Address registration or transfer: <ul><li>.com\/.net\/.org\/.info\/.biz\/.us&nbsp;<strong>17 eur \/ year<\/strong><\/li><li>.fi&nbsp;<strong>50 eur \/ 3 year<\/strong><\/li><\/ul><\/li><\/ul>\n\n\n\n<ul class=\"wp-block-list\"><li> Service fee <strong>5 eur \/ month \/ domain name <\/strong><\/li><\/ul>\n\n\n\n<p><!--EndFragment--><\/p>\n<\/div>\n\n\n\n<div class=\"wp-block-column is-layout-flow wp-block-column-is-layout-flow\">\n<p><\/p>\n\n\n\n<ul>\n<li>\n<div class=\"text-wrap tlid-copy-target\">\n<div class=\"result-shield-container tlid-copy-target\" tabindex=\"0\"><strong><span class=\"tlid-translation translation\" lang=\"en\"><span class=\"\" title=\"\">The service fee includes:<\/span><\/span><\/strong><\/div>\n<\/div>\n<ul>\n<li><span class=\"tlid-translation translation\" lang=\"en\"><span class=\"\" title=\"\">Hosting of a web address in name services<\/span><\/span><\/li>\n<li><span class=\"tlid-translation translation\" lang=\"en\"><span class=\"\" title=\"\">Forward traffic to the desired ip or <\/span><\/span><\/li>\n<li><span class=\"tlid-translation translation\" lang=\"en\"><span class=\"\" title=\"\">web addressEmail control service to the desired address<\/span><\/span><\/li>\n<\/ul>\n<\/li>\n<\/ul>\n<ul>\n<li><strong><span class=\"tlid-translation translation\" lang=\"en\"><span class=\"\" title=\"\">additional service<\/span><\/span><\/strong><br \/>\n<ul>\n<li><span class=\"tlid-translation translation\" lang=\"en\"><span class=\"\" title=\"\">Visitor statistics 5 \u20ac \/ month \/ domain name<\/span><\/span><\/li>\n<\/ul>\n<\/li>\n<\/ul>\n<ul>\n<li><span class=\"tlid-translation translation\" lang=\"en\"><span title=\"\">VAT will be added to the prices.<\/span> <span class=\"\" title=\"\">24%.<\/span><\/span><\/li>\n<\/ul>\n<\/div>\n<\/div>\n","protected":false},"excerpt":{"rendered":"<p>IW-verkkotunnuksen ohjauspalvelulla voit ottaa k\u00e4ytt\u00f6\u00f6n useita internetosoitteita samoille sivustoille. T\u00e4t\u00e4 voit hy\u00f6dynt\u00e4\u00e4 esimerkiksi markkinoinnissa tai varataksesi itsellesi useamman verkkotunnuksen (internetosoitteen). Verkkotunnusten liikenteen voit ohjata haluamaasi osoitteeseen. The Image World control service also includes email traffic control for the email address you want. Pricing Opening fee of the service is 0 eur + VAT Address registration [&hellip;]<\/p>\n","protected":false},"author":1,"featured_media":5162,"parent":4772,"menu_order":0,"comment_status":"closed","ping_status":"closed","template":"","meta":{"_uag_custom_page_level_css":"","_genesis_hide_title":false,"_genesis_hide_breadcrumbs":false,"_genesis_hide_singular_image":false,"_genesis_hide_footer_widgets":false,"_genesis_custom_body_class":"","_genesis_custom_post_class":"","_genesis_layout":"","footnotes":"","advanced-sidebar-menu\/link-title":"","advanced-sidebar-menu\/exclude-page":false},"class_list":{"0":"post-5576","1":"page","2":"type-page","3":"status-publish","4":"has-post-thumbnail","6":"entry"},"yoast_head":"<!-- This site is optimized with the Yoast SEO plugin v27.3 - https:\/\/yoast.com\/product\/yoast-seo-wordpress\/ -->\n<title>IW domain control service - Image World<\/title>\n<meta name=\"robots\" content=\"index, follow, max-snippet:-1, max-image-preview:large, max-video-preview:-1\" \/>\n<link rel=\"canonical\" href=\"https:\/\/www.imageworld.fi\/en\/domains\/iw-domain-control-service\/\" \/>\n<meta property=\"og:locale\" content=\"en_US\" \/>\n<meta property=\"og:type\" content=\"article\" \/>\n<meta property=\"og:title\" content=\"IW domain control service - Image World\" \/>\n<meta property=\"og:description\" content=\"IW-verkkotunnuksen ohjauspalvelulla voit ottaa k\u00e4ytt\u00f6\u00f6n useita internetosoitteita samoille sivustoille. T\u00e4t\u00e4 voit hy\u00f6dynt\u00e4\u00e4 esimerkiksi markkinoinnissa tai varataksesi itsellesi useamman verkkotunnuksen (internetosoitteen). Verkkotunnusten liikenteen voit ohjata haluamaasi osoitteeseen. The Image World control service also includes email traffic control for the email address you want. Pricing Opening fee of the service is 0 eur + VAT Address registration [&hellip;]\" \/>\n<meta property=\"og:url\" content=\"https:\/\/www.imageworld.fi\/en\/domains\/iw-domain-control-service\/\" \/>\n<meta property=\"og:site_name\" content=\"Image World\" \/>\n<meta property=\"article:publisher\" content=\"https:\/\/www.facebook.com\/imageworld.internet.services\" \/>\n<meta property=\"article:modified_time\" content=\"2020-03-13T08:31:32+00:00\" \/>\n<meta property=\"og:image\" content=\"https:\/\/www.imageworld.fi\/wp-content\/uploads\/2019\/09\/hello-i-m-nik-MAgPyHRO0AA-unsplash.jpg\" \/>\n\t<meta property=\"og:image:width\" content=\"3782\" \/>\n\t<meta property=\"og:image:height\" content=\"2532\" \/>\n\t<meta property=\"og:image:type\" content=\"image\/jpeg\" \/>\n<meta name=\"twitter:card\" content=\"summary_large_image\" \/>\n<meta name=\"twitter:label1\" content=\"Est. reading time\" \/>\n\t<meta name=\"twitter:data1\" content=\"1 minute\" \/>\n<script type=\"application\/ld+json\" class=\"yoast-schema-graph\">{\"@context\":\"https:\\\/\\\/schema.org\",\"@graph\":[{\"@type\":\"WebPage\",\"@id\":\"https:\\\/\\\/www.imageworld.fi\\\/en\\\/domains\\\/iw-domain-control-service\\\/\",\"url\":\"https:\\\/\\\/www.imageworld.fi\\\/en\\\/domains\\\/iw-domain-control-service\\\/\",\"name\":\"IW domain control service - Image World\",\"isPartOf\":{\"@id\":\"https:\\\/\\\/www.imageworld.fi\\\/#website\"},\"primaryImageOfPage\":{\"@id\":\"https:\\\/\\\/www.imageworld.fi\\\/en\\\/domains\\\/iw-domain-control-service\\\/#primaryimage\"},\"image\":{\"@id\":\"https:\\\/\\\/www.imageworld.fi\\\/en\\\/domains\\\/iw-domain-control-service\\\/#primaryimage\"},\"thumbnailUrl\":\"https:\\\/\\\/www.imageworld.fi\\\/wp-content\\\/uploads\\\/2019\\\/09\\\/hello-i-m-nik-MAgPyHRO0AA-unsplash.jpg\",\"datePublished\":\"2020-03-13T08:27:28+00:00\",\"dateModified\":\"2020-03-13T08:31:32+00:00\",\"breadcrumb\":{\"@id\":\"https:\\\/\\\/www.imageworld.fi\\\/en\\\/domains\\\/iw-domain-control-service\\\/#breadcrumb\"},\"inLanguage\":\"en-US\",\"potentialAction\":[{\"@type\":\"ReadAction\",\"target\":[\"https:\\\/\\\/www.imageworld.fi\\\/en\\\/domains\\\/iw-domain-control-service\\\/\"]}]},{\"@type\":\"ImageObject\",\"inLanguage\":\"en-US\",\"@id\":\"https:\\\/\\\/www.imageworld.fi\\\/en\\\/domains\\\/iw-domain-control-service\\\/#primaryimage\",\"url\":\"https:\\\/\\\/www.imageworld.fi\\\/wp-content\\\/uploads\\\/2019\\\/09\\\/hello-i-m-nik-MAgPyHRO0AA-unsplash.jpg\",\"contentUrl\":\"https:\\\/\\\/www.imageworld.fi\\\/wp-content\\\/uploads\\\/2019\\\/09\\\/hello-i-m-nik-MAgPyHRO0AA-unsplash.jpg\",\"width\":3782,\"height\":2532},{\"@type\":\"BreadcrumbList\",\"@id\":\"https:\\\/\\\/www.imageworld.fi\\\/en\\\/domains\\\/iw-domain-control-service\\\/#breadcrumb\",\"itemListElement\":[{\"@type\":\"ListItem\",\"position\":1,\"name\":\"Home\",\"item\":\"https:\\\/\\\/www.imageworld.fi\\\/en\\\/\"},{\"@type\":\"ListItem\",\"position\":2,\"name\":\"Domains\",\"item\":\"https:\\\/\\\/www.imageworld.fi\\\/en\\\/domains\\\/\"},{\"@type\":\"ListItem\",\"position\":3,\"name\":\"IW domain control service\"}]},{\"@type\":\"WebSite\",\"@id\":\"https:\\\/\\\/www.imageworld.fi\\\/#website\",\"url\":\"https:\\\/\\\/www.imageworld.fi\\\/\",\"name\":\"Image World\",\"description\":\"Kotimaiset pilvipalvelut ja konesalipalvelut\",\"publisher\":{\"@id\":\"https:\\\/\\\/www.imageworld.fi\\\/#organization\"},\"potentialAction\":[{\"@type\":\"SearchAction\",\"target\":{\"@type\":\"EntryPoint\",\"urlTemplate\":\"https:\\\/\\\/www.imageworld.fi\\\/?s={search_term_string}\"},\"query-input\":{\"@type\":\"PropertyValueSpecification\",\"valueRequired\":true,\"valueName\":\"search_term_string\"}}],\"inLanguage\":\"en-US\"},{\"@type\":\"Organization\",\"@id\":\"https:\\\/\\\/www.imageworld.fi\\\/#organization\",\"name\":\"Image World\",\"url\":\"https:\\\/\\\/www.imageworld.fi\\\/\",\"logo\":{\"@type\":\"ImageObject\",\"inLanguage\":\"en-US\",\"@id\":\"https:\\\/\\\/www.imageworld.fi\\\/#\\\/schema\\\/logo\\\/image\\\/\",\"url\":\"https:\\\/\\\/www.imageworld.fi\\\/wp-content\\\/uploads\\\/2020\\\/07\\\/Image_World_logo_pysty.tif\",\"contentUrl\":\"https:\\\/\\\/www.imageworld.fi\\\/wp-content\\\/uploads\\\/2020\\\/07\\\/Image_World_logo_pysty.tif\",\"width\":1,\"height\":1,\"caption\":\"Image World\"},\"image\":{\"@id\":\"https:\\\/\\\/www.imageworld.fi\\\/#\\\/schema\\\/logo\\\/image\\\/\"},\"sameAs\":[\"https:\\\/\\\/www.facebook.com\\\/imageworld.internet.services\"]}]}<\/script>\n<!-- \/ Yoast SEO plugin. -->","yoast_head_json":{"title":"IW domain control service - Image World","robots":{"index":"index","follow":"follow","max-snippet":"max-snippet:-1","max-image-preview":"max-image-preview:large","max-video-preview":"max-video-preview:-1"},"canonical":"https:\/\/www.imageworld.fi\/en\/domains\/iw-domain-control-service\/","og_locale":"en_US","og_type":"article","og_title":"IW domain control service - Image World","og_description":"IW-verkkotunnuksen ohjauspalvelulla voit ottaa k\u00e4ytt\u00f6\u00f6n useita internetosoitteita samoille sivustoille. T\u00e4t\u00e4 voit hy\u00f6dynt\u00e4\u00e4 esimerkiksi markkinoinnissa tai varataksesi itsellesi useamman verkkotunnuksen (internetosoitteen). Verkkotunnusten liikenteen voit ohjata haluamaasi osoitteeseen. The Image World control service also includes email traffic control for the email address you want. Pricing Opening fee of the service is 0 eur + VAT Address registration [&hellip;]","og_url":"https:\/\/www.imageworld.fi\/en\/domains\/iw-domain-control-service\/","og_site_name":"Image World","article_publisher":"https:\/\/www.facebook.com\/imageworld.internet.services","article_modified_time":"2020-03-13T08:31:32+00:00","og_image":[{"width":3782,"height":2532,"url":"https:\/\/www.imageworld.fi\/wp-content\/uploads\/2019\/09\/hello-i-m-nik-MAgPyHRO0AA-unsplash.jpg","type":"image\/jpeg"}],"twitter_card":"summary_large_image","twitter_misc":{"Est. reading time":"1 minute"},"schema":{"@context":"https:\/\/schema.org","@graph":[{"@type":"WebPage","@id":"https:\/\/www.imageworld.fi\/en\/domains\/iw-domain-control-service\/","url":"https:\/\/www.imageworld.fi\/en\/domains\/iw-domain-control-service\/","name":"IW domain control service - Image World","isPartOf":{"@id":"https:\/\/www.imageworld.fi\/#website"},"primaryImageOfPage":{"@id":"https:\/\/www.imageworld.fi\/en\/domains\/iw-domain-control-service\/#primaryimage"},"image":{"@id":"https:\/\/www.imageworld.fi\/en\/domains\/iw-domain-control-service\/#primaryimage"},"thumbnailUrl":"https:\/\/www.imageworld.fi\/wp-content\/uploads\/2019\/09\/hello-i-m-nik-MAgPyHRO0AA-unsplash.jpg","datePublished":"2020-03-13T08:27:28+00:00","dateModified":"2020-03-13T08:31:32+00:00","breadcrumb":{"@id":"https:\/\/www.imageworld.fi\/en\/domains\/iw-domain-control-service\/#breadcrumb"},"inLanguage":"en-US","potentialAction":[{"@type":"ReadAction","target":["https:\/\/www.imageworld.fi\/en\/domains\/iw-domain-control-service\/"]}]},{"@type":"ImageObject","inLanguage":"en-US","@id":"https:\/\/www.imageworld.fi\/en\/domains\/iw-domain-control-service\/#primaryimage","url":"https:\/\/www.imageworld.fi\/wp-content\/uploads\/2019\/09\/hello-i-m-nik-MAgPyHRO0AA-unsplash.jpg","contentUrl":"https:\/\/www.imageworld.fi\/wp-content\/uploads\/2019\/09\/hello-i-m-nik-MAgPyHRO0AA-unsplash.jpg","width":3782,"height":2532},{"@type":"BreadcrumbList","@id":"https:\/\/www.imageworld.fi\/en\/domains\/iw-domain-control-service\/#breadcrumb","itemListElement":[{"@type":"ListItem","position":1,"name":"Home","item":"https:\/\/www.imageworld.fi\/en\/"},{"@type":"ListItem","position":2,"name":"Domains","item":"https:\/\/www.imageworld.fi\/en\/domains\/"},{"@type":"ListItem","position":3,"name":"IW domain control service"}]},{"@type":"WebSite","@id":"https:\/\/www.imageworld.fi\/#website","url":"https:\/\/www.imageworld.fi\/","name":"Image World","description":"Kotimaiset pilvipalvelut ja konesalipalvelut","publisher":{"@id":"https:\/\/www.imageworld.fi\/#organization"},"potentialAction":[{"@type":"SearchAction","target":{"@type":"EntryPoint","urlTemplate":"https:\/\/www.imageworld.fi\/?s={search_term_string}"},"query-input":{"@type":"PropertyValueSpecification","valueRequired":true,"valueName":"search_term_string"}}],"inLanguage":"en-US"},{"@type":"Organization","@id":"https:\/\/www.imageworld.fi\/#organization","name":"Image World","url":"https:\/\/www.imageworld.fi\/","logo":{"@type":"ImageObject","inLanguage":"en-US","@id":"https:\/\/www.imageworld.fi\/#\/schema\/logo\/image\/","url":"https:\/\/www.imageworld.fi\/wp-content\/uploads\/2020\/07\/Image_World_logo_pysty.tif","contentUrl":"https:\/\/www.imageworld.fi\/wp-content\/uploads\/2020\/07\/Image_World_logo_pysty.tif","width":1,"height":1,"caption":"Image World"},"image":{"@id":"https:\/\/www.imageworld.fi\/#\/schema\/logo\/image\/"},"sameAs":["https:\/\/www.facebook.com\/imageworld.internet.services"]}]}},"uagb_featured_image_src":{"full":["https:\/\/www.imageworld.fi\/wp-content\/uploads\/2019\/09\/hello-i-m-nik-MAgPyHRO0AA-unsplash.jpg",3782,2532,false],"thumbnail":["https:\/\/www.imageworld.fi\/wp-content\/uploads\/2019\/09\/hello-i-m-nik-MAgPyHRO0AA-unsplash-150x150.jpg",150,150,true],"medium":["https:\/\/www.imageworld.fi\/wp-content\/uploads\/2019\/09\/hello-i-m-nik-MAgPyHRO0AA-unsplash-300x201.jpg",300,201,true],"medium_large":["https:\/\/www.imageworld.fi\/wp-content\/uploads\/2019\/09\/hello-i-m-nik-MAgPyHRO0AA-unsplash-768x514.jpg",768,514,true],"large":["https:\/\/www.imageworld.fi\/wp-content\/uploads\/2019\/09\/hello-i-m-nik-MAgPyHRO0AA-unsplash-1024x686.jpg",1024,686,true],"1536x1536":["https:\/\/www.imageworld.fi\/wp-content\/uploads\/2019\/09\/hello-i-m-nik-MAgPyHRO0AA-unsplash.jpg",1536,1028,false],"2048x2048":["https:\/\/www.imageworld.fi\/wp-content\/uploads\/2019\/09\/hello-i-m-nik-MAgPyHRO0AA-unsplash.jpg",2048,1371,false],"medium-l":["https:\/\/www.imageworld.fi\/wp-content\/uploads\/2019\/09\/hello-i-m-nik-MAgPyHRO0AA-unsplash.jpg",400,268,false],"medium-ls":["https:\/\/www.imageworld.fi\/wp-content\/uploads\/2019\/09\/hello-i-m-nik-MAgPyHRO0AA-unsplash.jpg",250,167,false],"medium-xl":["https:\/\/www.imageworld.fi\/wp-content\/uploads\/2019\/09\/hello-i-m-nik-MAgPyHRO0AA-unsplash.jpg",800,536,false],"small-xl":["https:\/\/www.imageworld.fi\/wp-content\/uploads\/2019\/09\/hello-i-m-nik-MAgPyHRO0AA-unsplash.jpg",150,100,false],"small-l":["https:\/\/www.imageworld.fi\/wp-content\/uploads\/2019\/09\/hello-i-m-nik-MAgPyHRO0AA-unsplash.jpg",100,67,false],"small":["https:\/\/www.imageworld.fi\/wp-content\/uploads\/2019\/09\/hello-i-m-nik-MAgPyHRO0AA-unsplash.jpg",60,40,false],"xsmall":["https:\/\/www.imageworld.fi\/wp-content\/uploads\/2019\/09\/hello-i-m-nik-MAgPyHRO0AA-unsplash.jpg",40,27,false],"xxsmall":["https:\/\/www.imageworld.fi\/wp-content\/uploads\/2019\/09\/hello-i-m-nik-MAgPyHRO0AA-unsplash.jpg",20,13,false],"mini-thumbnail":["https:\/\/www.imageworld.fi\/wp-content\/uploads\/2019\/09\/hello-i-m-nik-MAgPyHRO0AA-unsplash-75x75.jpg",75,75,true],"team-member":["https:\/\/www.imageworld.fi\/wp-content\/uploads\/2019\/09\/hello-i-m-nik-MAgPyHRO0AA-unsplash-600x600.jpg",600,600,true],"single-post-thumbnail":["https:\/\/www.imageworld.fi\/wp-content\/uploads\/2019\/09\/hello-i-m-nik-MAgPyHRO0AA-unsplash.jpg",1120,750,false]},"uagb_author_info":{"display_name":"Sollertis","author_link":"https:\/\/www.imageworld.fi\/en\/author\/sollertis\/"},"uagb_comment_info":0,"uagb_excerpt":"IW-verkkotunnuksen ohjauspalvelulla voit ottaa k\u00e4ytt\u00f6\u00f6n useita internetosoitteita samoille sivustoille. T\u00e4t\u00e4 voit hy\u00f6dynt\u00e4\u00e4 esimerkiksi markkinoinnissa tai varataksesi itsellesi useamman verkkotunnuksen (internetosoitteen). Verkkotunnusten liikenteen voit ohjata haluamaasi osoitteeseen. The Image World control service also includes email traffic control for the email address you want. Pricing Opening fee of the service is 0 eur + VAT Address registration&hellip;","_links":{"self":[{"href":"https:\/\/www.imageworld.fi\/en\/wp-json\/wp\/v2\/pages\/5576","targetHints":{"allow":["GET"]}}],"collection":[{"href":"https:\/\/www.imageworld.fi\/en\/wp-json\/wp\/v2\/pages"}],"about":[{"href":"https:\/\/www.imageworld.fi\/en\/wp-json\/wp\/v2\/types\/page"}],"author":[{"embeddable":true,"href":"https:\/\/www.imageworld.fi\/en\/wp-json\/wp\/v2\/users\/1"}],"replies":[{"embeddable":true,"href":"https:\/\/www.imageworld.fi\/en\/wp-json\/wp\/v2\/comments?post=5576"}],"version-history":[{"count":8,"href":"https:\/\/www.imageworld.fi\/en\/wp-json\/wp\/v2\/pages\/5576\/revisions"}],"predecessor-version":[{"id":5609,"href":"https:\/\/www.imageworld.fi\/en\/wp-json\/wp\/v2\/pages\/5576\/revisions\/5609"}],"up":[{"embeddable":true,"href":"https:\/\/www.imageworld.fi\/en\/wp-json\/wp\/v2\/pages\/4772"}],"wp:featuredmedia":[{"embeddable":true,"href":"https:\/\/www.imageworld.fi\/en\/wp-json\/wp\/v2\/media\/5162"}],"wp:attachment":[{"href":"https:\/\/www.imageworld.fi\/en\/wp-json\/wp\/v2\/media?parent=5576"}],"curies":[{"name":"wp","href":"https:\/\/api.w.org\/{rel}","templated":true}]}}